{"id":5196,"date":"2022-05-23T03:28:05","date_gmt":"2022-05-23T03:28:05","guid":{"rendered":"http:\/\/olga2.loveandbrands.dev\/?page_id=5196"},"modified":"2024-06-20T20:13:46","modified_gmt":"2024-06-20T20:13:46","slug":"no-sidebar","status":"publish","type":"page","link":"https:\/\/olga2.loveandbrands.dev\/en\/no-sidebar\/","title":{"rendered":"Blog"},"content":{"rendered":"<div data-elementor-type=\"wp-page\" data-elementor-id=\"5196\" class=\"elementor elementor-5196\" data-elementor-post-type=\"page\">\n\t\t\t\t\t\t<section class=\"elementor-section elementor-top-section elementor-element elementor-element-d04504d elementor-section-boxed elementor-section-height-default elementor-section-height-default\" data-id=\"d04504d\" data-element_type=\"section\">\r\n\t\t\t\t\t\t<div class=\"elementor-container elementor-column-gap-default jws_section_\" >\r\n\t\t\t\t<div class=\"elementor-column elementor-col-100 elementor-top-column elementor-element elementor-element-cb810f6\" data-id=\"cb810f6\" data-element_type=\"column\">\n\t\t\t<div class=\"elementor-widget-wrap elementor-element-populated\">\n\t\t\t\t\t\t<div class=\"elementor-element elementor-element-72419d4 elementor-widget elementor-widget-jws_blog\" data-id=\"72419d4\" data-element_type=\"widget\" data-settings=\"{&quot;pagination_align&quot;:&quot;center&quot;}\" data-widget_type=\"jws_blog.default\">\n\t\t\t\t<div class=\"elementor-widget-container\">\n\t\t\t \r\n\t\t\r\n\t\t<div class=\"jws-blog-element\">\r\n             \r\n            <div class=\"row blog_content jws_blog_layout2 blog_ajax_72419d4 jws-isotope\" >\r\n                <div class=\"jws_blog_item col-xl-4 col-lg-6 col-12 no_format\"><div class=\"jws_post_wap\">\r\n    <div class=\"jws_post_image\">\r\n        <div class=\"slick-slider\">\r\n          <\/div>    \r\n      <a href=\"https:\/\/olga2.loveandbrands.dev\/en\/seme-bundeve-kao-lek\/\" class=\"\">   \r\n          <img fetchpriority=\"high\" decoding=\"async\" class=\"attachment-large wp-post-image\" src=\"https:\/\/olga2.loveandbrands.dev\/wp-content\/uploads\/2024\/06\/Screenshot_2-413x250.png\" width=\"413\" height=\"250\" alt=\"Screenshot_2\" title=\"Screenshot_2\" \/>            \r\n        <\/a>\r\n            <\/div>\r\n    <div class=\"jws_post_content\">\r\n                <span class=\"post_cat\"><a href=\"https:\/\/olga2.loveandbrands.dev\/en\/category\/brasno\/\" rel=\"tag\">Flour<\/a><\/span>  \r\n                       <h4 class=\"entry-title\"><a href=\"https:\/\/olga2.loveandbrands.dev\/en\/seme-bundeve-kao-lek\/\">Seme bundeve kao lek<\/a><\/h4> \r\n                      <div class=\"jws_post_excerpt\">\r\n                    Hiljadama godina unazad, bundeva je prona\u0161la svoju u ishrani i medicini mnogih civilizacija. Istra\u017eivanja su kasnije pokazala da ovo nije slu\u010dajno. Bogata vitaminima, mineralima antioksidantima,           <\/div>\r\n                      \r\n                      <a href=\"https:\/\/olga2.loveandbrands.dev\/en\/seme-bundeve-kao-lek\/\" class=\"jws_post_readmore\">\r\n           <span class=\"jws_text_read\"> <\/span>\r\n               \r\n           <\/a>\r\n               <\/div>\r\n<\/div>\r\n<\/div><div class=\"jws_blog_item col-xl-4 col-lg-6 col-12 no_format\"><div class=\"jws_post_wap\">\r\n    <div class=\"jws_post_image\">\r\n        <div class=\"slick-slider\">\r\n          <\/div>    \r\n      <a href=\"https:\/\/olga2.loveandbrands.dev\/en\/kalorijske-vrednosti-semenke-bundeve\/\" class=\"\">   \r\n          <img decoding=\"async\" class=\"attachment-large wp-post-image\" src=\"https:\/\/olga2.loveandbrands.dev\/wp-content\/uploads\/2024\/06\/2018_JSO_Nadalj_4500px_NK-23-scaled-1-413x250.jpg\" width=\"413\" height=\"250\" alt=\"2018_JSO_Nadalj_4500px_NK-23-scaled\" title=\"2018_JSO_Nadalj_4500px_NK-23-scaled\" \/>            \r\n        <\/a>\r\n            <\/div>\r\n    <div class=\"jws_post_content\">\r\n                <span class=\"post_cat\"><a href=\"https:\/\/olga2.loveandbrands.dev\/en\/category\/seme\/\" rel=\"tag\">Seeds<\/a><\/span>  \r\n                       <h4 class=\"entry-title\"><a href=\"https:\/\/olga2.loveandbrands.dev\/en\/kalorijske-vrednosti-semenke-bundeve\/\">Kalorijske vrednosti semenke bundeve<\/a><\/h4> \r\n                      <div class=\"jws_post_excerpt\">\r\n                    Semenke bundeve su mo\u017eda male, ali su zato prave hranljive bombe. Redovnim konzumiranjem preporu\u010denih koli\u010dina semenki bundeve u sebe unosite zna\u010dajne koli\u010dinu magnezijuma, cinka i           <\/div>\r\n                      \r\n                      <a href=\"https:\/\/olga2.loveandbrands.dev\/en\/kalorijske-vrednosti-semenke-bundeve\/\" class=\"jws_post_readmore\">\r\n           <span class=\"jws_text_read\"> <\/span>\r\n               \r\n           <\/a>\r\n               <\/div>\r\n<\/div>\r\n<\/div><div class=\"jws_blog_item col-xl-4 col-lg-6 col-12 no_format\"><div class=\"jws_post_wap\">\r\n    <div class=\"jws_post_image\">\r\n        <div class=\"slick-slider\">\r\n          <\/div>    \r\n      <a href=\"https:\/\/olga2.loveandbrands.dev\/en\/10-zanimljivih-cinjenica-o-bundevi-koje-niste-znali\/\" class=\"\">   \r\n          <img decoding=\"async\" class=\"attachment-large wp-post-image\" src=\"https:\/\/olga2.loveandbrands.dev\/wp-content\/uploads\/2024\/06\/img1-1-413x250.jpg\" width=\"413\" height=\"250\" alt=\"img1-1\" title=\"img1-1\" \/>            \r\n        <\/a>\r\n            <\/div>\r\n    <div class=\"jws_post_content\">\r\n                <span class=\"post_cat\"><a href=\"https:\/\/olga2.loveandbrands.dev\/en\/category\/seme\/\" rel=\"tag\">Seeds<\/a><\/span>  \r\n                       <h4 class=\"entry-title\"><a href=\"https:\/\/olga2.loveandbrands.dev\/en\/10-zanimljivih-cinjenica-o-bundevi-koje-niste-znali\/\">10 zanimljivih \u010dinjenica o bundevi koje niste znali<\/a><\/h4> \r\n                      <div class=\"jws_post_excerpt\">\r\n                    Koliko zaista znate o bundevama? Verovatno znate da im je sezona u jesen, da su obi\u010dno narand\u017easte boje i dostupne su u razli\u010ditim veli\u010dinama, ali           <\/div>\r\n                      \r\n                      <a href=\"https:\/\/olga2.loveandbrands.dev\/en\/10-zanimljivih-cinjenica-o-bundevi-koje-niste-znali\/\" class=\"jws_post_readmore\">\r\n           <span class=\"jws_text_read\"> <\/span>\r\n               \r\n           <\/a>\r\n               <\/div>\r\n<\/div>\r\n<\/div>            <\/div>\r\n                                <\/div>\r\n\r\n\t\t\t<\/div>\n\t\t\t\t<\/div>\n\t\t\t\t\t<\/div>\n\t\t<\/div>\n\t\t\t\t      \r\n            \r\n              \r\n            \r\n            \t\r\n\t\t\t<\/div>\r\n\t\t<\/section>\r\n\t\t\t\t<\/div>","protected":false},"excerpt":{"rendered":"<p>Bra\u0161no Seme bundeve kao lek Hiljadama godina unazad, bundeva je prona\u0161la svoju u ishrani i medicini mnogih civilizacija. Istra\u017eivanja su kasnije pokazala da ovo nije slu\u010dajno. Bogata vitaminima, mineralima antioksidantima, Seme Kalorijske vrednosti semenke bundeve Semenke bundeve su mo\u017eda male, ali su zato prave hranljive bombe. Redovnim konzumiranjem preporu\u010denih koli\u010dina semenki bundeve u sebe unosite [&hellip;]<\/p>","protected":false},"author":1,"featured_media":0,"parent":0,"menu_order":0,"comment_status":"closed","ping_status":"closed","template":"","meta":{"footnotes":""},"class_list":["post-5196","page","type-page","status-publish","hentry"],"_links":{"self":[{"href":"https:\/\/olga2.loveandbrands.dev\/en\/wp-json\/wp\/v2\/pages\/5196","targetHints":{"allow":["GET"]}}],"collection":[{"href":"https:\/\/olga2.loveandbrands.dev\/en\/wp-json\/wp\/v2\/pages"}],"about":[{"href":"https:\/\/olga2.loveandbrands.dev\/en\/wp-json\/wp\/v2\/types\/page"}],"author":[{"embeddable":true,"href":"https:\/\/olga2.loveandbrands.dev\/en\/wp-json\/wp\/v2\/users\/1"}],"replies":[{"embeddable":true,"href":"https:\/\/olga2.loveandbrands.dev\/en\/wp-json\/wp\/v2\/comments?post=5196"}],"version-history":[{"count":10,"href":"https:\/\/olga2.loveandbrands.dev\/en\/wp-json\/wp\/v2\/pages\/5196\/revisions"}],"predecessor-version":[{"id":9632,"href":"https:\/\/olga2.loveandbrands.dev\/en\/wp-json\/wp\/v2\/pages\/5196\/revisions\/9632"}],"wp:attachment":[{"href":"https:\/\/olga2.loveandbrands.dev\/en\/wp-json\/wp\/v2\/media?parent=5196"}],"curies":[{"name":"wp","href":"https:\/\/api.w.org\/{rel}","templated":true}]}}